{"id":1641,"date":"2021-07-17T13:32:43","date_gmt":"2021-07-17T11:32:43","guid":{"rendered":"http:\/\/jangumowski.pl\/?page_id=1641"},"modified":"2021-07-19T21:49:01","modified_gmt":"2021-07-19T19:49:01","slug":"widoki-krakowa","status":"publish","type":"page","link":"https:\/\/jangumowski.pl\/index.php\/widoki-krakowa\/","title":{"rendered":"Widoki Krakowa"},"content":{"rendered":"\t\t<div data-elementor-type=\"wp-page\" data-elementor-id=\"1641\" class=\"elementor elementor-1641\">\n\t\t\t\t\t\t<div class=\"elementor-inner\">\n\t\t\t\t<div class=\"elementor-section-wrap\">\n\t\t\t\t\t\t\t\t\t<section class=\"elementor-section elementor-top-section elementor-element elementor-element-021948c elementor-section-boxed elementor-section-height-default elementor-section-height-default\" data-id=\"021948c\" data-element_type=\"section\">\n\t\t\t\t\t\t<div class=\"elementor-container elementor-column-gap-default\">\n\t\t\t\t\t\t\t<div class=\"elementor-row\">\n\t\t\t\t\t<div class=\"elementor-column elementor-col-100 elementor-top-column elementor-element elementor-element-5375f9b\" data-id=\"5375f9b\" data-element_type=\"column\">\n\t\t\t<div class=\"elementor-column-wrap elementor-element-populated\">\n\t\t\t\t\t\t\t<div class=\"elementor-widget-wrap\">\n\t\t\t\t\t\t<div class=\"elementor-element elementor-element-5611194 elementor-widget elementor-widget-heading\" data-id=\"5611194\" data-element_type=\"widget\" data-widget_type=\"heading.default\">\n\t\t\t\t<div class=\"elementor-widget-container\">\n\t\t\t<h2 class=\"elementor-heading-title elementor-size-default\">Widoki Krakowa<\/h2>\t\t<\/div>\n\t\t\t\t<\/div>\n\t\t\t\t<div class=\"elementor-element elementor-element-a6780f3 elementor-widget-divider--view-line elementor-widget elementor-widget-divider\" data-id=\"a6780f3\" data-element_type=\"widget\" data-widget_type=\"divider.default\">\n\t\t\t\t<div class=\"elementor-widget-container\">\n\t\t\t\t\t<div class=\"elementor-divider\">\n\t\t\t<span class=\"elementor-divider-separator\">\n\t\t\t\t\t\t<\/span>\n\t\t<\/div>\n\t\t\t\t<\/div>\n\t\t\t\t<\/div>\n\t\t\t\t<div class=\"elementor-element elementor-element-0df280a elementor-widget elementor-widget-text-editor\" data-id=\"0df280a\" data-element_type=\"widget\" data-widget_type=\"text-editor.default\">\n\t\t\t\t<div class=\"elementor-widget-container\">\n\t\t\t\t\t\t\t\t<div class=\"elementor-text-editor elementor-clearfix\">\n\t\t\t\t<p>\u00a0<\/p><ul><li><h4>Przed uruchomieniem pokazu slajd\u00f3w zaleca si\u0119 w\u0142\u0105czy\u0107 tryb pe\u0142noekranowy w menu oznaczonym trzema kropkami na pasku dolnym. Wyj\u015bcie z trybu pe\u0142noekranowego poprzez\u00a0<em>ESC.<\/em><\/h4><\/li><li><h4>W trybie pe\u0142noekranowym klikni\u0119cie prze\u0142\u0105cza kolejne slajdy.<\/h4><\/li><\/ul><p>\u00a0<\/p>\t\t\t\t\t<\/div>\n\t\t\t\t\t\t<\/div>\n\t\t\t\t<\/div>\n\t\t\t\t\t\t<\/div>\n\t\t\t\t\t<\/div>\n\t\t<\/div>\n\t\t\t\t\t\t\t\t<\/div>\n\t\t\t\t\t<\/div>\n\t\t<\/section>\n\t\t\t\t<section class=\"elementor-section elementor-top-section elementor-element elementor-element-b95a11d elementor-section-boxed elementor-section-height-default elementor-section-height-default\" data-id=\"b95a11d\" data-element_type=\"section\">\n\t\t\t\t\t\t<div class=\"elementor-container elementor-column-gap-default\">\n\t\t\t\t\t\t\t<div class=\"elementor-row\">\n\t\t\t\t\t<div class=\"elementor-column elementor-col-100 elementor-top-column elementor-element elementor-element-4b8937c\" data-id=\"4b8937c\" data-element_type=\"column\">\n\t\t\t<div class=\"elementor-column-wrap elementor-element-populated\">\n\t\t\t\t\t\t\t<div class=\"elementor-widget-wrap\">\n\t\t\t\t\t\t<div class=\"elementor-element elementor-element-e35891a elementor-widget elementor-widget-html\" data-id=\"e35891a\" data-element_type=\"widget\" data-widget_type=\"html.default\">\n\t\t\t\t<div class=\"elementor-widget-container\">\n\t\t\t<iframe loading=\"lazy\" src=\"https:\/\/docs.google.com\/presentation\/d\/e\/2PACX-1vSewUrNsgk12yw8cRzRoAjovLPdNetzEIwA4AyRkrWOk-oFcmFGd7n47ZRVbwwdUtMBsq6I5pyWqjrS\/embed?start=false&loop=false&delayms=3000\" frameborder=\"0\" width=\"1440\" height=\"1109\" allowfullscreen=\"true\" mozallowfullscreen=\"true\" webkitallowfullscreen=\"true\"><\/iframe>\t\t<\/div>\n\t\t\t\t<\/div>\n\t\t\t\t\t\t<\/div>\n\t\t\t\t\t<\/div>\n\t\t<\/div>\n\t\t\t\t\t\t\t\t<\/div>\n\t\t\t\t\t<\/div>\n\t\t<\/section>\n\t\t\t\t\t\t\t\t\t<\/div>\n\t\t\t<\/div>\n\t\t\t\t\t<\/div>\n\t\t","protected":false},"excerpt":{"rendered":"<p>Widoki Krakowa \u00a0 Przed uruchomieniem pokazu slajd\u00f3w zaleca si\u0119 w\u0142\u0105czy\u0107 tryb pe\u0142noekranowy w menu oznaczonym trzema kropkami na pasku dolnym. Wyj\u015bcie z trybu pe\u0142noekranowego poprzez\u00a0ESC. W trybie pe\u0142noekranowym klikni\u0119cie prze\u0142\u0105cza kolejne slajdy. \u00a0<\/p>\n","protected":false},"author":3,"featured_media":0,"parent":0,"menu_order":0,"comment_status":"closed","ping_status":"closed","template":"","meta":[],"_links":{"self":[{"href":"https:\/\/jangumowski.pl\/index.php\/wp-json\/wp\/v2\/pages\/1641"}],"collection":[{"href":"https:\/\/jangumowski.pl\/index.php\/wp-json\/wp\/v2\/pages"}],"about":[{"href":"https:\/\/jangumowski.pl\/index.php\/wp-json\/wp\/v2\/types\/page"}],"author":[{"embeddable":true,"href":"https:\/\/jangumowski.pl\/index.php\/wp-json\/wp\/v2\/users\/3"}],"replies":[{"embeddable":true,"href":"https:\/\/jangumowski.pl\/index.php\/wp-json\/wp\/v2\/comments?post=1641"}],"version-history":[{"count":31,"href":"https:\/\/jangumowski.pl\/index.php\/wp-json\/wp\/v2\/pages\/1641\/revisions"}],"predecessor-version":[{"id":1965,"href":"https:\/\/jangumowski.pl\/index.php\/wp-json\/wp\/v2\/pages\/1641\/revisions\/1965"}],"wp:attachment":[{"href":"https:\/\/jangumowski.pl\/index.php\/wp-json\/wp\/v2\/media?parent=1641"}],"curies":[{"name":"wp","href":"https:\/\/api.w.org\/{rel}","templated":true}]}}